{"id":528,"date":"2023-07-16T01:23:37","date_gmt":"2023-07-15T23:23:37","guid":{"rendered":"https:\/\/cocoonarchitecte.fr\/?page_id=528"},"modified":"2023-07-22T22:14:54","modified_gmt":"2023-07-22T20:14:54","slug":"actualites","status":"publish","type":"page","link":"https:\/\/cocoonarchitecte.fr\/index.php\/actualites\/","title":{"rendered":"Actualit\u00e9s"},"content":{"rendered":"\n<p>L&rsquo;actualit\u00e9 de l&rsquo;agence \u00e0 port\u00e9e de clics<\/p>\n\n\n\n<div style=\"height:40px\" aria-hidden=\"true\" class=\"wp-block-spacer\"><\/div>\n\n\n<ul class=\"wp-block-latest-posts__list has-dates aligncenter wp-block-latest-posts\"><li><div class=\"wp-block-latest-posts__featured-image alignleft\"><a href=\"https:\/\/cocoonarchitecte.fr\/index.php\/2024\/07\/25\/arret-sur-chantier-forges-les-eaux-76\/\" aria-label=\"[ Arr\u00eat sur chantier ] Forges les Eaux (76)\"><img loading=\"lazy\" decoding=\"async\" width=\"300\" height=\"200\" src=\"https:\/\/cocoonarchitecte.fr\/wp-content\/uploads\/2024\/07\/1721329244764-300x200.jpg\" class=\"attachment-medium size-medium wp-post-image\" alt=\"\" style=\"max-width:600px;max-height:600px;\" srcset=\"https:\/\/cocoonarchitecte.fr\/wp-content\/uploads\/2024\/07\/1721329244764-300x200.jpg 300w, https:\/\/cocoonarchitecte.fr\/wp-content\/uploads\/2024\/07\/1721329244764-1024x683.jpg 1024w, https:\/\/cocoonarchitecte.fr\/wp-content\/uploads\/2024\/07\/1721329244764-768x512.jpg 768w, https:\/\/cocoonarchitecte.fr\/wp-content\/uploads\/2024\/07\/1721329244764-1536x1025.jpg 1536w, https:\/\/cocoonarchitecte.fr\/wp-content\/uploads\/2024\/07\/1721329244764-2048x1366.jpg 2048w\" sizes=\"auto, (max-width: 300px) 100vw, 300px\" \/><\/a><\/div><a class=\"wp-block-latest-posts__post-title\" href=\"https:\/\/cocoonarchitecte.fr\/index.php\/2024\/07\/25\/arret-sur-chantier-forges-les-eaux-76\/\">[ Arr\u00eat sur chantier ] Forges les Eaux (76)<\/a><time datetime=\"2024-07-25T15:23:50+02:00\" class=\"wp-block-latest-posts__post-date\">25 juillet 2024<\/time><div class=\"wp-block-latest-posts__post-excerpt\">R\u00e9alisation en cours de la nouvelle fa\u00e7ade pour l&rsquo;entreprise Presta Courroie Industrie. architecte : COCOON architecte, Laure VINCENTma\u00eetre d&rsquo;oeuvre d&rsquo;ex\u00e9cution\u2026 <a class=\"wp-block-latest-posts__read-more\" href=\"https:\/\/cocoonarchitecte.fr\/index.php\/2024\/07\/25\/arret-sur-chantier-forges-les-eaux-76\/\" rel=\"noopener noreferrer\">Lire la suite<span class=\"screen-reader-text\">\u00a0: [ Arr\u00eat sur chantier ] Forges les Eaux (76)<\/span><\/a><\/div><\/li>\n<li><div class=\"wp-block-latest-posts__featured-image alignleft\"><a href=\"https:\/\/cocoonarchitecte.fr\/index.php\/2024\/06\/24\/cocoon-architecte-emmenage-a-seine-ecopolis\/\" aria-label=\"COCOON architecte emm\u00e9nage \u00e0 Seine Ecopolis\"><img loading=\"lazy\" decoding=\"async\" width=\"300\" height=\"135\" src=\"https:\/\/cocoonarchitecte.fr\/wp-content\/uploads\/2024\/07\/1720428266189-300x135.jpg\" class=\"attachment-medium size-medium wp-post-image\" alt=\"\" style=\"max-width:600px;max-height:600px;\" srcset=\"https:\/\/cocoonarchitecte.fr\/wp-content\/uploads\/2024\/07\/1720428266189-300x135.jpg 300w, https:\/\/cocoonarchitecte.fr\/wp-content\/uploads\/2024\/07\/1720428266189-1024x461.jpg 1024w, https:\/\/cocoonarchitecte.fr\/wp-content\/uploads\/2024\/07\/1720428266189-768x345.jpg 768w, https:\/\/cocoonarchitecte.fr\/wp-content\/uploads\/2024\/07\/1720428266189-1536x691.jpg 1536w, https:\/\/cocoonarchitecte.fr\/wp-content\/uploads\/2024\/07\/1720428266189.jpg 2048w\" sizes=\"auto, (max-width: 300px) 100vw, 300px\" \/><\/a><\/div><a class=\"wp-block-latest-posts__post-title\" href=\"https:\/\/cocoonarchitecte.fr\/index.php\/2024\/06\/24\/cocoon-architecte-emmenage-a-seine-ecopolis\/\">COCOON architecte emm\u00e9nage \u00e0 Seine Ecopolis<\/a><time datetime=\"2024-06-24T15:36:09+02:00\" class=\"wp-block-latest-posts__post-date\">24 juin 2024<\/time><div class=\"wp-block-latest-posts__post-excerpt\">COCOON architecte prend un nouvel essor et emm\u00e9nage \u00e0 Seine Ecopolis \u00e0 Saint Etienne du Rouvray en p\u00e9pini\u00e8re d&rsquo;entreprises, soutenu\u2026 <a class=\"wp-block-latest-posts__read-more\" href=\"https:\/\/cocoonarchitecte.fr\/index.php\/2024\/06\/24\/cocoon-architecte-emmenage-a-seine-ecopolis\/\" rel=\"noopener noreferrer\">Lire la suite<span class=\"screen-reader-text\">\u00a0: COCOON architecte emm\u00e9nage \u00e0 Seine Ecopolis<\/span><\/a><\/div><\/li>\n<li><div class=\"wp-block-latest-posts__featured-image alignleft\"><a href=\"https:\/\/cocoonarchitecte.fr\/index.php\/2024\/03\/22\/laureat-pour-la-construction-dune-ecole-maternelle-a-vraiville-27\/\" aria-label=\"Laur\u00e9at pour la construction d&rsquo;une \u00e9cole maternelle \u00e0 VRAIVILLE (27)\"><img loading=\"lazy\" decoding=\"async\" width=\"300\" height=\"212\" src=\"https:\/\/cocoonarchitecte.fr\/wp-content\/uploads\/2024\/03\/Vraiville-AO-pers-1-300x212.jpg\" class=\"attachment-medium size-medium wp-post-image\" alt=\"\" style=\"max-width:600px;max-height:600px;\" srcset=\"https:\/\/cocoonarchitecte.fr\/wp-content\/uploads\/2024\/03\/Vraiville-AO-pers-1-300x212.jpg 300w, https:\/\/cocoonarchitecte.fr\/wp-content\/uploads\/2024\/03\/Vraiville-AO-pers-1-1024x724.jpg 1024w, https:\/\/cocoonarchitecte.fr\/wp-content\/uploads\/2024\/03\/Vraiville-AO-pers-1-768x543.jpg 768w, https:\/\/cocoonarchitecte.fr\/wp-content\/uploads\/2024\/03\/Vraiville-AO-pers-1-1536x1086.jpg 1536w, https:\/\/cocoonarchitecte.fr\/wp-content\/uploads\/2024\/03\/Vraiville-AO-pers-1-2048x1448.jpg 2048w\" sizes=\"auto, (max-width: 300px) 100vw, 300px\" \/><\/a><\/div><a class=\"wp-block-latest-posts__post-title\" href=\"https:\/\/cocoonarchitecte.fr\/index.php\/2024\/03\/22\/laureat-pour-la-construction-dune-ecole-maternelle-a-vraiville-27\/\">Laur\u00e9at pour la construction d&rsquo;une \u00e9cole maternelle \u00e0 VRAIVILLE (27)<\/a><time datetime=\"2024-03-22T18:35:02+01:00\" class=\"wp-block-latest-posts__post-date\">22 mars 2024<\/time><div class=\"wp-block-latest-posts__post-excerpt\">Je suis tr\u00e8s fi\u00e8re d&rsquo;annoncer que COCOON architecte vient de remporter le concours pour la construction d&rsquo;une \u00e9cole maternelle \u00e0\u2026 <a class=\"wp-block-latest-posts__read-more\" href=\"https:\/\/cocoonarchitecte.fr\/index.php\/2024\/03\/22\/laureat-pour-la-construction-dune-ecole-maternelle-a-vraiville-27\/\" rel=\"noopener noreferrer\">Lire la suite<span class=\"screen-reader-text\">\u00a0: Laur\u00e9at pour la construction d&rsquo;une \u00e9cole maternelle \u00e0 VRAIVILLE (27)<\/span><\/a><\/div><\/li>\n<li><div class=\"wp-block-latest-posts__featured-image alignleft\"><a href=\"https:\/\/cocoonarchitecte.fr\/index.php\/2023\/10\/31\/inscription-a-lordre-des-architectes\/\" aria-label=\"Inscription \u00e0 l&rsquo;ordre des Architectes\"><img loading=\"lazy\" decoding=\"async\" width=\"300\" height=\"200\" src=\"https:\/\/cocoonarchitecte.fr\/wp-content\/uploads\/2023\/10\/Groupe-jeunes-inscrits-3-300x200.jpg\" class=\"attachment-medium size-medium wp-post-image\" alt=\"\" style=\"max-width:600px;max-height:600px;\" srcset=\"https:\/\/cocoonarchitecte.fr\/wp-content\/uploads\/2023\/10\/Groupe-jeunes-inscrits-3-300x200.jpg 300w, https:\/\/cocoonarchitecte.fr\/wp-content\/uploads\/2023\/10\/Groupe-jeunes-inscrits-3-1024x683.jpg 1024w, https:\/\/cocoonarchitecte.fr\/wp-content\/uploads\/2023\/10\/Groupe-jeunes-inscrits-3-768x512.jpg 768w, https:\/\/cocoonarchitecte.fr\/wp-content\/uploads\/2023\/10\/Groupe-jeunes-inscrits-3-1536x1024.jpg 1536w, https:\/\/cocoonarchitecte.fr\/wp-content\/uploads\/2023\/10\/Groupe-jeunes-inscrits-3-2048x1365.jpg 2048w\" sizes=\"auto, (max-width: 300px) 100vw, 300px\" \/><\/a><\/div><a class=\"wp-block-latest-posts__post-title\" href=\"https:\/\/cocoonarchitecte.fr\/index.php\/2023\/10\/31\/inscription-a-lordre-des-architectes\/\">Inscription \u00e0 l&rsquo;ordre des Architectes<\/a><time datetime=\"2023-10-31T10:39:00+01:00\" class=\"wp-block-latest-posts__post-date\">31 octobre 2023<\/time><div class=\"wp-block-latest-posts__post-excerpt\">Le 20 octobre 2023, \u00e0 la Journ\u00e9e de l&rsquo;ordre des architectes Normands, Laure VINCENT a pr\u00eat\u00e9 Serment \u00e0 Saint L\u00f4\u2026 <a class=\"wp-block-latest-posts__read-more\" href=\"https:\/\/cocoonarchitecte.fr\/index.php\/2023\/10\/31\/inscription-a-lordre-des-architectes\/\" rel=\"noopener noreferrer\">Lire la suite<span class=\"screen-reader-text\">\u00a0: Inscription \u00e0 l&rsquo;ordre des Architectes<\/span><\/a><\/div><\/li>\n<li><div class=\"wp-block-latest-posts__featured-image alignleft\"><a href=\"https:\/\/cocoonarchitecte.fr\/index.php\/2023\/09\/21\/concours-gagne-80-logements-a-louviers\/\" aria-label=\"Concours gagn\u00e9 ! 80 logements \u00e0 Louviers.\"><img loading=\"lazy\" decoding=\"async\" width=\"300\" height=\"300\" src=\"https:\/\/cocoonarchitecte.fr\/wp-content\/uploads\/2023\/10\/cadre-papillons-300x300.jpg\" class=\"attachment-medium size-medium wp-post-image\" alt=\"\" style=\"max-width:600px;max-height:600px;\" srcset=\"https:\/\/cocoonarchitecte.fr\/wp-content\/uploads\/2023\/10\/cadre-papillons-300x300.jpg 300w, https:\/\/cocoonarchitecte.fr\/wp-content\/uploads\/2023\/10\/cadre-papillons-150x150.jpg 150w, https:\/\/cocoonarchitecte.fr\/wp-content\/uploads\/2023\/10\/cadre-papillons-768x768.jpg 768w, https:\/\/cocoonarchitecte.fr\/wp-content\/uploads\/2023\/10\/cadre-papillons.jpg 1024w\" sizes=\"auto, (max-width: 300px) 100vw, 300px\" \/><\/a><\/div><a class=\"wp-block-latest-posts__post-title\" href=\"https:\/\/cocoonarchitecte.fr\/index.php\/2023\/09\/21\/concours-gagne-80-logements-a-louviers\/\">Concours gagn\u00e9 ! 80 logements \u00e0 Louviers.<\/a><time datetime=\"2023-09-21T08:48:02+02:00\" class=\"wp-block-latest-posts__post-date\">21 septembre 2023<\/time><div class=\"wp-block-latest-posts__post-excerpt\">Nous sommes tr\u00e8s fiers d&rsquo;avoir remport\u00e9 cet appel \u00e0 projet lanc\u00e9 en juillet 2022 par l&rsquo;agglom\u00e9ration Seine Eure dans le\u2026 <a class=\"wp-block-latest-posts__read-more\" href=\"https:\/\/cocoonarchitecte.fr\/index.php\/2023\/09\/21\/concours-gagne-80-logements-a-louviers\/\" rel=\"noopener noreferrer\">Lire la suite<span class=\"screen-reader-text\">\u00a0: Concours gagn\u00e9 ! 80 logements \u00e0 Louviers.<\/span><\/a><\/div><\/li>\n<li><div class=\"wp-block-latest-posts__featured-image alignleft\"><a href=\"https:\/\/cocoonarchitecte.fr\/index.php\/2023\/09\/01\/livraison-internat-filles\/\" aria-label=\"Livraison internat Filles &#8211; Vernon (27)\"><img loading=\"lazy\" decoding=\"async\" width=\"300\" height=\"300\" src=\"https:\/\/cocoonarchitecte.fr\/wp-content\/uploads\/2023\/09\/cadre-internat-filles-300x300.jpg\" class=\"attachment-medium size-medium wp-post-image\" alt=\"\" style=\"max-width:600px;max-height:600px;\" srcset=\"https:\/\/cocoonarchitecte.fr\/wp-content\/uploads\/2023\/09\/cadre-internat-filles-300x300.jpg 300w, https:\/\/cocoonarchitecte.fr\/wp-content\/uploads\/2023\/09\/cadre-internat-filles-150x150.jpg 150w, https:\/\/cocoonarchitecte.fr\/wp-content\/uploads\/2023\/09\/cadre-internat-filles-768x768.jpg 768w, https:\/\/cocoonarchitecte.fr\/wp-content\/uploads\/2023\/09\/cadre-internat-filles.jpg 1024w\" sizes=\"auto, (max-width: 300px) 100vw, 300px\" \/><\/a><\/div><a class=\"wp-block-latest-posts__post-title\" href=\"https:\/\/cocoonarchitecte.fr\/index.php\/2023\/09\/01\/livraison-internat-filles\/\">Livraison internat Filles &#8211; Vernon (27)<\/a><time datetime=\"2023-09-01T12:43:05+02:00\" class=\"wp-block-latest-posts__post-date\">1 septembre 2023<\/time><div class=\"wp-block-latest-posts__post-excerpt\">Apr\u00e8s avoir livr\u00e9 l&rsquo;internat gar\u00e7ons \u00e9t\u00e9 2022, de l&rsquo;\u00e9tablissement Saint Adjutor \u00e0 Vernon, voici l&rsquo;internat filles livr\u00e9 dans les temps\u2026 <a class=\"wp-block-latest-posts__read-more\" href=\"https:\/\/cocoonarchitecte.fr\/index.php\/2023\/09\/01\/livraison-internat-filles\/\" rel=\"noopener noreferrer\">Lire la suite<span class=\"screen-reader-text\">\u00a0: Livraison internat Filles &#8211; Vernon (27)<\/span><\/a><\/div><\/li>\n<li><div class=\"wp-block-latest-posts__featured-image alignleft\"><a href=\"https:\/\/cocoonarchitecte.fr\/index.php\/2023\/07\/22\/lagence-ouvre\/\" aria-label=\"Ouverture de l&rsquo;agence COCOON architecte !\"><img loading=\"lazy\" decoding=\"async\" width=\"300\" height=\"300\" src=\"https:\/\/cocoonarchitecte.fr\/wp-content\/uploads\/2023\/07\/cadre-agence-300x300.jpg\" class=\"attachment-medium size-medium wp-post-image\" alt=\"\" style=\"max-width:600px;max-height:600px;\" srcset=\"https:\/\/cocoonarchitecte.fr\/wp-content\/uploads\/2023\/07\/cadre-agence-300x300.jpg 300w, https:\/\/cocoonarchitecte.fr\/wp-content\/uploads\/2023\/07\/cadre-agence-150x150.jpg 150w, https:\/\/cocoonarchitecte.fr\/wp-content\/uploads\/2023\/07\/cadre-agence-768x768.jpg 768w, https:\/\/cocoonarchitecte.fr\/wp-content\/uploads\/2023\/07\/cadre-agence.jpg 1024w\" sizes=\"auto, (max-width: 300px) 100vw, 300px\" \/><\/a><\/div><a class=\"wp-block-latest-posts__post-title\" href=\"https:\/\/cocoonarchitecte.fr\/index.php\/2023\/07\/22\/lagence-ouvre\/\">Ouverture de l&rsquo;agence COCOON architecte !<\/a><time datetime=\"2023-07-22T21:07:08+02:00\" class=\"wp-block-latest-posts__post-date\">22 juillet 2023<\/time><div class=\"wp-block-latest-posts__post-excerpt\">Apr\u00e8s 16 ann\u00e9es en agences d&rsquo;architecture, notamment 12 ans \u00e0 l&rsquo;agence Atelier des deux Anges, dans lesquelles j&rsquo;ai acquis mon\u2026 <a class=\"wp-block-latest-posts__read-more\" href=\"https:\/\/cocoonarchitecte.fr\/index.php\/2023\/07\/22\/lagence-ouvre\/\" rel=\"noopener noreferrer\">Lire la suite<span class=\"screen-reader-text\">\u00a0: Ouverture de l&rsquo;agence COCOON architecte !<\/span><\/a><\/div><\/li>\n<\/ul>\n\n\n<div style=\"height:40px\" aria-hidden=\"true\" class=\"wp-block-spacer\"><\/div>\n","protected":false},"excerpt":{"rendered":"<p>L&rsquo;actualit\u00e9 de l&rsquo;agence \u00e0 port\u00e9e de clics<\/p>\n","protected":false},"author":1,"featured_media":0,"parent":0,"menu_order":0,"comment_status":"closed","ping_status":"closed","template":"","meta":{"footnotes":""},"class_list":["post-528","page","type-page","status-publish","hentry"],"_links":{"self":[{"href":"https:\/\/cocoonarchitecte.fr\/index.php\/wp-json\/wp\/v2\/pages\/528","targetHints":{"allow":["GET"]}}],"collection":[{"href":"https:\/\/cocoonarchitecte.fr\/index.php\/wp-json\/wp\/v2\/pages"}],"about":[{"href":"https:\/\/cocoonarchitecte.fr\/index.php\/wp-json\/wp\/v2\/types\/page"}],"author":[{"embeddable":true,"href":"https:\/\/cocoonarchitecte.fr\/index.php\/wp-json\/wp\/v2\/users\/1"}],"replies":[{"embeddable":true,"href":"https:\/\/cocoonarchitecte.fr\/index.php\/wp-json\/wp\/v2\/comments?post=528"}],"version-history":[{"count":9,"href":"https:\/\/cocoonarchitecte.fr\/index.php\/wp-json\/wp\/v2\/pages\/528\/revisions"}],"predecessor-version":[{"id":834,"href":"https:\/\/cocoonarchitecte.fr\/index.php\/wp-json\/wp\/v2\/pages\/528\/revisions\/834"}],"wp:attachment":[{"href":"https:\/\/cocoonarchitecte.fr\/index.php\/wp-json\/wp\/v2\/media?parent=528"}],"curies":[{"name":"wp","href":"https:\/\/api.w.org\/{rel}","templated":true}]}}