{"id":3,"date":"2023-05-24T12:54:29","date_gmt":"2023-05-24T10:54:29","guid":{"rendered":"http:\/\/cocoonarchitecte.fr\/?page_id=3"},"modified":"2023-08-22T17:19:53","modified_gmt":"2023-08-22T15:19:53","slug":"politique-de-confidentialite","status":"publish","type":"page","link":"https:\/\/cocoonarchitecte.fr\/index.php\/politique-de-confidentialite\/","title":{"rendered":"Cr\u00e9dits et mentions l\u00e9gales"},"content":{"rendered":"\n<h2 class=\"wp-block-heading\">Cr\u00e9dits<\/h2>\n\n\n\n<p>Gr\u00e9goire Auger<br>Manuel De Rugy<br>Nicolas Borel<br>Guillaume Bri\u00e8re-Soude<br>Gagneraud<br>Studio Alma<br>Cl\u00e9ment Martin<br>David Morganti<br>Antoine Mercusot<br>Virginlemon<br>Octav Tirziu<\/p>\n\n\n\n<h2 class=\"wp-block-heading\">\u00c9diteur du site<\/h2>\n\n\n\n<p>Site Internet de COCOON architecte<br>8 rue Adolphe Thiers, 76410 Saint Aubin Les Elbeuf<br>T : 07 87 48 59 64<br><a rel=\"noreferrer noopener\" href=\"http:\/\/www.cocoonarchitecte.fr\/\" target=\"_blank\">http:\/\/www.cocoonarchitecte.fr\/<\/a><\/p>\n\n\n\n<p>Siret : 948 560 917 00015 &#8211; APE : 7111Z<\/p>\n\n\n\n<h2 class=\"wp-block-heading\">Conditions d&rsquo;utilisation<\/h2>\n\n\n\n<p>Le site accessible par les url suivants :&nbsp;<a href=\"http:\/\/www.cocoonarchitecte.fr\/\">http:\/\/www.cocoonarchitecte.fr\/<\/a>&nbsp;est exploit\u00e9 dans le respect de la l\u00e9gislation fran\u00e7aise. L&rsquo;utilisation de ce site est r\u00e9gie par les pr\u00e9sentes conditions g\u00e9n\u00e9rales. En utilisant le site, vous reconnaissez avoir pris connaissance de ces conditions et les avoir accept\u00e9es. Celles-ci pourront \u00eatres modifi\u00e9es \u00e0 tout moment et sans pr\u00e9avis par la soci\u00e9t\u00e9 l&rsquo;atelier des deux anges&nbsp;ne saurait \u00eatre tenu pour responsable en aucune mani\u00e8re d\u2019une mauvaise utilisation du service.<\/p>\n\n\n\n<h2 class=\"wp-block-heading\">Responsable \u00e9ditorial<\/h2>\n\n\n\n<p>COCOON architecte<br>8 rue Adolphe Thiers, 76410 Saint Aubin Les Elbeuf<br>T : 07 87 48 59 64<\/p>\n\n\n\n<h2 class=\"wp-block-heading\">Limitation de responsabilit\u00e9<\/h2>\n\n\n\n<p>Les informations contenues sur ce site sont aussi pr\u00e9cises que possibles et le site est p\u00e9riodiquement remis \u00e0 jour, mais peut toutefois contenir des inexactitudes, des omissions ou des lacunes. Si vous constatez une lacune, erreur ou ce qui parait \u00eatre un dysfonctionnement, merci de bien vouloir le signaler par email en d\u00e9crivant le probl\u00e8me de la mani\u00e8re la plus pr\u00e9cise possible (page posant probl\u00e8me, action d\u00e9clenchante, type d\u2019ordinateur et de navigateur utilis\u00e9, \u2026).<br>Tout contenu t\u00e9l\u00e9charg\u00e9 se fait aux risques et p\u00e9rils de l&rsquo;utilisateur et sous sa seule responsabilit\u00e9. En cons\u00e9quence, COCOON architecte&nbsp;ne saurait \u00eatre tenu responsable d&rsquo;un quelconque dommage subi par l&rsquo;ordinateur de l&rsquo;utilisateur ou d&rsquo;une quelconque perte de donn\u00e9es cons\u00e9cutives au t\u00e9l\u00e9chargement.<br>Les photos sont non contractuelles.<\/p>\n\n\n\n<p>Les liens hypertextes mis en place dans le cadre du pr\u00e9sent site internet en direction d&rsquo;autres ressources pr\u00e9sentes sur le r\u00e9seau Internet ne sauraient engager la responsabilit\u00e9 de COCOON architecte.<\/p>\n\n\n\n<h2 class=\"wp-block-heading\">Litiges<\/h2>\n\n\n\n<p>Les pr\u00e9sentes conditions sont r\u00e9gies par les lois fran\u00e7aises et toute contestation ou litiges qui pourraient na\u00eetre de l&rsquo;interpr\u00e9tation ou de l&rsquo;ex\u00e9cution de celles-ci seront de la comp\u00e9tence exclusive des tribunaux dont d\u00e9pend le si\u00e8ge social de la soci\u00e9t\u00e9 l&rsquo;Atelier des deux anges. La langue de r\u00e9f\u00e9rence, pour le r\u00e8glement de contentieux \u00e9ventuels, est le fran\u00e7ais.<\/p>\n\n\n\n<h2 class=\"wp-block-heading\">D\u00e9claration \u00e0 la CNIL<\/h2>\n\n\n\n<p>Conform\u00e9ment \u00e0 la loi 78-17 du 6 janvier 1978 (modifi\u00e9e par la loi 2004-801 du 6 ao\u00fbt 2004 relative \u00e0 la protection des personnes physiques \u00e0 l&rsquo;\u00e9gard des traitements de donn\u00e9es \u00e0 caract\u00e8re personnel) relative \u00e0 l&rsquo;informatique, aux fichiers et aux libert\u00e9s, le site a fait l&rsquo;objet d&rsquo;une d\u00e9claration aupr\u00e8s de la Commission nationale de l&rsquo;informatique et des libert\u00e9s (www.cnil.fr).<\/p>\n\n\n\n<h2 class=\"wp-block-heading\">Droit d&rsquo;acc\u00e8s<\/h2>\n\n\n\n<p>En application de cette loi, les internautes disposent d\u2019un droit d\u2019acc\u00e8s, de rectification, de modification et de suppression concernant les donn\u00e9es qui les concernent personnellement. Ce droit peut \u00eatre exerc\u00e9 par voie postale aupr\u00e8s de COCOON architecte 8 rue Adolphe Thiers, 76410 Saint Aubin Les Elbeuf&nbsp;&#8211; T : 07 87 48 59 64 &#8211;&nbsp;<a href=\"mailto:l.vincent@cocoonarchitecte.fr\">l.vincent@cocoonarchitecte.fr<\/a><\/p>\n\n\n\n<p>Les informations personnelles collect\u00e9es ne sont en aucun cas confi\u00e9es \u00e0 des tiers hormis pour l\u2019\u00e9ventuelle bonne ex\u00e9cution de la prestation command\u00e9e par l\u2019internaute.<\/p>\n\n\n\n<h2 class=\"wp-block-heading\">Confidentialit\u00e9<\/h2>\n\n\n\n<p>Vos donn\u00e9es personnelles sont confidentielles et ne seront en aucun cas communiqu\u00e9es \u00e0 des tiers hormis pour la bonne ex\u00e9cution de la prestation.<\/p>\n\n\n\n<h2 class=\"wp-block-heading\">Propri\u00e9t\u00e9 intellectuelle<\/h2>\n\n\n\n<p>Tout le contenu du pr\u00e9sent site, incluant, de fa\u00e7on non limitative, les graphismes, images, textes, vid\u00e9os, animations, sons, logos, gifs et ic\u00f4nes ainsi que leur mise en forme sont la propri\u00e9t\u00e9 exclusive de la soci\u00e9t\u00e9 COCOON architecte \u00e0 l&rsquo;exception des marques, logos ou contenus appartenant \u00e0 d&rsquo;autres soci\u00e9t\u00e9s partenaires ou auteurs. Toute reproduction, distribution, modification, adaptation, retransmission ou publication, m\u00eame partielle, de ces diff\u00e9rents \u00e9l\u00e9ments est strictement interdite sans l&rsquo;accord expr\u00e8s par \u00e9crit de COCOON architecte. Cette repr\u00e9sentation ou reproduction, par quelque proc\u00e9d\u00e9 que ce soit, constitue une contrefa\u00e7on sanctionn\u00e9e par les articles L.3335-2 et suivants du Code de la propri\u00e9t\u00e9 intellectuelle. Le non-respect de cette interdiction constitue une contrefa\u00e7on pouvant engager la responsabilit\u00e9 civile et p\u00e9nale du contrefacteur. En outre, les propri\u00e9taires des Contenus copi\u00e9s pourraient intenter une action en justice \u00e0 votre encontre.<br><br>COCOON architecte&nbsp;est identiquement propri\u00e9taire des \u00ab\u00a0droits des producteurs de bases de donn\u00e9es\u00a0\u00bb vis\u00e9s au Livre III, Titre IV, du Code de la Propri\u00e9t\u00e9 Intellectuelle (loi n\u00b0 98-536 du 1er juillet 1998) relative aux droits d&rsquo;auteur et aux bases de donn\u00e9es.<br><br>Pour toute demande d&rsquo;autorisation ou d&rsquo;information, veuillez nous contacter par email :&nbsp;<a href=\"mailto:l.vincent@cocoonarchitecte.fr\">l.vincent@cocoonarchitecte.fr<\/a><br><br>Des conditions sp\u00e9cifiques sont pr\u00e9vues pour la presse.<br>Par ailleurs, la mise en forme de ce site a n\u00e9cessit\u00e9 le recours \u00e0 des sources externes dont nous avons acquis les droits ou dont les droits d&rsquo;utilisation sont ouverts : HTML 5 \/ CSS 3.<br>Cr\u00e9\u00e9 le 22\/08\/2023<\/p>\n\n\n\n<p>Auteur :&nbsp;Julien Cammas<\/p>\n\n\n\n<h2 class=\"wp-block-heading\">H\u00e9bergeur<\/h2>\n\n\n\n<p>OVH<\/p>\n\n\n\n<h2 class=\"wp-block-heading\">Conditions de service<\/h2>\n\n\n\n<p>Ce site est propos\u00e9 en langages HTML5 et CSS3, pour un meilleur confort d&rsquo;utilisation et un graphisme plus agr\u00e9able, nous vous recommandons de recourir \u00e0 des navigateurs modernes comme Safari, Firefox, Chrome,&#8230;<\/p>\n\n\n\n<h2 class=\"wp-block-heading\">Informations et exclusion<\/h2>\n\n\n\n<p>COCOON architecte met en \u0153uvre tous les moyens dont elle dispose, pour assurer une information fiable et une mise \u00e0 jour fiable de ses sites internet. Toutefois, des erreurs ou omissions peuvent survenir. L&rsquo;internaute devra donc s&rsquo;assurer de l&rsquo;exactitude des informations aupr\u00e8s de COCOON architecte, et signaler toutes modifications du site qu&rsquo;il jugerait utile. COCOON architecte&nbsp;n&rsquo;est en aucun cas responsable de l&rsquo;utilisation faite de ces informations, et de tout pr\u00e9judice direct ou indirect pouvant en d\u00e9couler.<\/p>\n\n\n\n<h2 class=\"wp-block-heading\">Liens hypertextes<\/h2>\n\n\n\n<p>Les sites internet de COCOON architecte&nbsp;peuvent offrir des liens vers d\u2019autres sites internet ou d\u2019autres ressources disponibles sur Internet.<\/p>\n\n\n\n<p>COCOON architecte&nbsp;ne dispose d&rsquo;aucun moyen pour contr\u00f4ler les sites en connexion avec ses sites internet. COCOON architecte&nbsp;ne r\u00e9pond pas de la disponibilit\u00e9 de tels sites et sources externes, ni ne la garantit. Elle ne peut \u00eatre tenue pour responsable de tout dommage, de quelque nature que ce soit, r\u00e9sultant du contenu de ces sites ou sources externes, et notamment des informations, produits ou services qu\u2019ils proposent, ou de tout usage qui peut \u00eatre fait de ces \u00e9l\u00e9ments. Les risques li\u00e9s \u00e0 cette utilisation incombent pleinement \u00e0 l&rsquo;internaute, qui doit se conformer \u00e0 leurs conditions d&rsquo;utilisation.<\/p>\n\n\n\n<p>Les utilisateurs, les abonn\u00e9s et les visiteurs des sites internet de COCOON architecte&nbsp;ne peuvent mettre en place un hyperlien en direction de ce site sans l&rsquo;autorisation expresse et pr\u00e9alable de COCOON architecte.<\/p>\n\n\n\n<p>Dans l&rsquo;hypoth\u00e8se o\u00f9 un utilisateur ou visiteur souhaiterait mettre en place un hyperlien en direction d\u2019un des sites internet de COCOON architecte, il lui appartiendra d&rsquo;adresser un email accessible sur le site afin de formuler sa demande de mise en place d&rsquo;un hyperlien. COCOON architecte&nbsp;se r\u00e9serve le droit d\u2019accepter ou de refuser un hyperlien sans avoir \u00e0 en justifier sa d\u00e9cision.<\/p>\n\n\n\n<h2 class=\"wp-block-heading\">Recherche<\/h2>\n\n\n\n<p>En outre, le renvoi sur un site internet pour compl\u00e9ter une information recherch\u00e9e ne signifie en aucune fa\u00e7on que COCOON architecte reconna\u00eet ou accepte quelque responsabilit\u00e9 quant \u00e0 la teneur ou \u00e0 l&rsquo;utilisation dudit site.<\/p>\n\n\n\n<h2 class=\"wp-block-heading\">Pr\u00e9cautions d&rsquo;usage<\/h2>\n\n\n\n<p>Il vous incombe par cons\u00e9quent de prendre les pr\u00e9cautions d&rsquo;usage n\u00e9cessaires pour vous assurer que ce que vous choisissez d&rsquo;utiliser ne soit pas entach\u00e9 d&rsquo;erreurs voire d&rsquo;\u00e9l\u00e9ments de nature destructrice tels que virus, trojans, etc&#8230;<\/p>\n\n\n\n<h2 class=\"wp-block-heading\">Responsabilit\u00e9<\/h2>\n\n\n\n<p>Aucune autre garantie n&rsquo;est accord\u00e9e au client, auquel incombe l&rsquo;obligation de formuler clairement ses besoins et le devoir de s&rsquo;informer. Si des informations fournies par COCOON architecte&nbsp;apparaissent inexactes, il appartiendra au client de proc\u00e9der lui-m\u00eame \u00e0 toutes v\u00e9rifications de la coh\u00e9rence ou de la vraisemblance des r\u00e9sultats obtenus. COCOON architecte&nbsp;ne sera en aucune fa\u00e7on responsable vis \u00e0 vis des tiers de l&rsquo;utilisation par le client des informations ou de leur absence contenues dans ses produits y compris un de ses sites Internet.<\/p>\n\n\n\n<h2 class=\"wp-block-heading\">Contactez-nous<\/h2>\n\n\n\n<p>COCOON architecte est \u00e0 votre disposition pour tous vos commentaires ou suggestions. Vous pouvez nous \u00e9crire en fran\u00e7ais par courrier \u00e9lectronique \u00e0 :&nbsp;<a href=\"mailto:l.vincent@cocoonarchitecte.fr\">l.vincent@cocoonarchitecte.fr<\/a>.<\/p>\n","protected":false},"excerpt":{"rendered":"<p>Cr\u00e9dits Gr\u00e9goire AugerManuel De RugyNicolas BorelGuillaume Bri\u00e8re-SoudeGagneraudStudio AlmaCl\u00e9ment MartinDavid MorgantiAntoine MercusotVirginlemonOctav Tirziu \u00c9diteur du site Site Internet de COCOON architecte8 rue Adolphe Thiers, 76410 Saint Aubin Les ElbeufT : 07 87 48 59 64http:\/\/www.cocoonarchitecte.fr\/ Siret : 948 560 917 00015 &#8211; APE : 7111Z Conditions d&rsquo;utilisation Le site accessible par les url suivants :&nbsp;http:\/\/www.cocoonarchitecte.fr\/&nbsp;est exploit\u00e9 [&hellip;]<\/p>\n","protected":false},"author":1,"featured_media":0,"parent":0,"menu_order":0,"comment_status":"closed","ping_status":"open","template":"","meta":{"footnotes":""},"class_list":["post-3","page","type-page","status-publish","hentry"],"_links":{"self":[{"href":"https:\/\/cocoonarchitecte.fr\/index.php\/wp-json\/wp\/v2\/pages\/3","targetHints":{"allow":["GET"]}}],"collection":[{"href":"https:\/\/cocoonarchitecte.fr\/index.php\/wp-json\/wp\/v2\/pages"}],"about":[{"href":"https:\/\/cocoonarchitecte.fr\/index.php\/wp-json\/wp\/v2\/types\/page"}],"author":[{"embeddable":true,"href":"https:\/\/cocoonarchitecte.fr\/index.php\/wp-json\/wp\/v2\/users\/1"}],"replies":[{"embeddable":true,"href":"https:\/\/cocoonarchitecte.fr\/index.php\/wp-json\/wp\/v2\/comments?post=3"}],"version-history":[{"count":7,"href":"https:\/\/cocoonarchitecte.fr\/index.php\/wp-json\/wp\/v2\/pages\/3\/revisions"}],"predecessor-version":[{"id":1742,"href":"https:\/\/cocoonarchitecte.fr\/index.php\/wp-json\/wp\/v2\/pages\/3\/revisions\/1742"}],"wp:attachment":[{"href":"https:\/\/cocoonarchitecte.fr\/index.php\/wp-json\/wp\/v2\/media?parent=3"}],"curies":[{"name":"wp","href":"https:\/\/api.w.org\/{rel}","templated":true}]}}