{"id":243,"date":"2023-07-13T21:35:31","date_gmt":"2023-07-13T19:35:31","guid":{"rendered":"https:\/\/cocoonarchitecte.fr\/index.php\/about\/"},"modified":"2025-07-23T11:01:12","modified_gmt":"2025-07-23T09:01:12","slug":"l-agence","status":"publish","type":"page","link":"https:\/\/cocoonarchitecte.fr\/index.php\/l-agence\/","title":{"rendered":"L&rsquo;agence"},"content":{"rendered":"\t\t<div data-elementor-type=\"wp-page\" data-elementor-id=\"243\" class=\"elementor elementor-243\">\n\t\t\t\t\t\t\t\t\t<section class=\"elementor-section elementor-top-section elementor-element elementor-element-bd1f1fb elementor-section-boxed elementor-section-height-default elementor-section-height-default\" data-id=\"bd1f1fb\" data-element_type=\"section\" data-settings=\"{&quot;background_background&quot;:&quot;classic&quot;}\">\n\t\t\t\t\t\t<div class=\"elementor-container elementor-column-gap-default\">\n\t\t\t\t\t<div class=\"elementor-column elementor-col-50 elementor-top-column elementor-element elementor-element-24f1d2e\" data-id=\"24f1d2e\" data-element_type=\"column\">\n\t\t\t<div class=\"elementor-widget-wrap elementor-element-populated\">\n\t\t\t\t\t\t\t\t<div class=\"elementor-element elementor-element-0c23066 elementor-widget elementor-widget-image\" data-id=\"0c23066\" data-element_type=\"widget\" data-widget_type=\"image.default\">\n\t\t\t\t<div class=\"elementor-widget-container\">\n\t\t\t<style>\/*! elementor - v3.13.3 - 28-05-2023 *\/\n.elementor-widget-image{text-align:center}.elementor-widget-image a{display:inline-block}.elementor-widget-image a img[src$=\".svg\"]{width:48px}.elementor-widget-image img{vertical-align:middle;display:inline-block}<\/style>\t\t\t\t\t\t\t\t\t<figure class=\"wp-caption\">\n\t\t\t\t\t\t\t\t\t\t<img loading=\"lazy\" decoding=\"async\" width=\"800\" height=\"533\" src=\"https:\/\/cocoonarchitecte.fr\/wp-content\/uploads\/2025\/07\/SEINE-_1-1024x682.jpg\" class=\"attachment-large size-large wp-image-2180\" alt=\"\" srcset=\"https:\/\/cocoonarchitecte.fr\/wp-content\/uploads\/2025\/07\/SEINE-_1-1024x682.jpg 1024w, https:\/\/cocoonarchitecte.fr\/wp-content\/uploads\/2025\/07\/SEINE-_1-300x200.jpg 300w, https:\/\/cocoonarchitecte.fr\/wp-content\/uploads\/2025\/07\/SEINE-_1-768x512.jpg 768w, https:\/\/cocoonarchitecte.fr\/wp-content\/uploads\/2025\/07\/SEINE-_1-1536x1024.jpg 1536w, https:\/\/cocoonarchitecte.fr\/wp-content\/uploads\/2025\/07\/SEINE-_1.jpg 2000w\" sizes=\"auto, (max-width: 800px) 100vw, 800px\" \/>\t\t\t\t\t\t\t\t\t\t\t<figcaption class=\"widget-image-caption wp-caption-text\"><\/figcaption>\n\t\t\t\t\t\t\t\t\t\t<\/figure>\n\t\t\t\t\t\t\t\t\t<\/div>\n\t\t\t\t<\/div>\n\t\t\t\t<div class=\"elementor-element elementor-element-1fc36d9f elementor-widget__width-initial elementor-widget elementor-widget-image\" data-id=\"1fc36d9f\" data-element_type=\"widget\" data-widget_type=\"image.default\">\n\t\t\t\t<div class=\"elementor-widget-container\">\n\t\t\t\t\t\t\t\t\t\t\t\t\t\t\t<img loading=\"lazy\" decoding=\"async\" width=\"800\" height=\"599\" src=\"https:\/\/cocoonarchitecte.fr\/wp-content\/uploads\/2025\/07\/Capture-decran-2025-06-11-101315-1024x767.png\" class=\"attachment-large size-large wp-image-2161\" alt=\"\" srcset=\"https:\/\/cocoonarchitecte.fr\/wp-content\/uploads\/2025\/07\/Capture-decran-2025-06-11-101315-1024x767.png 1024w, https:\/\/cocoonarchitecte.fr\/wp-content\/uploads\/2025\/07\/Capture-decran-2025-06-11-101315-300x225.png 300w, https:\/\/cocoonarchitecte.fr\/wp-content\/uploads\/2025\/07\/Capture-decran-2025-06-11-101315-768x575.png 768w, https:\/\/cocoonarchitecte.fr\/wp-content\/uploads\/2025\/07\/Capture-decran-2025-06-11-101315.png 1065w\" sizes=\"auto, (max-width: 800px) 100vw, 800px\" \/>\t\t\t\t\t\t\t\t\t\t\t\t\t\t\t<\/div>\n\t\t\t\t<\/div>\n\t\t\t\t\t<\/div>\n\t\t<\/div>\n\t\t\t\t<div class=\"elementor-column elementor-col-50 elementor-top-column elementor-element elementor-element-f17bc19\" data-id=\"f17bc19\" data-element_type=\"column\">\n\t\t\t<div class=\"elementor-widget-wrap elementor-element-populated\">\n\t\t\t\t\t\t\t\t<div class=\"elementor-element elementor-element-4fe7d0a elementor-widget elementor-widget-heading\" data-id=\"4fe7d0a\" data-element_type=\"widget\" data-widget_type=\"heading.default\">\n\t\t\t\t<div class=\"elementor-widget-container\">\n\t\t\t<style>\/*! elementor - v3.13.3 - 28-05-2023 *\/\n.elementor-heading-title{padding:0;margin:0;line-height:1}.elementor-widget-heading .elementor-heading-title[class*=elementor-size-]>a{color:inherit;font-size:inherit;line-height:inherit}.elementor-widget-heading .elementor-heading-title.elementor-size-small{font-size:15px}.elementor-widget-heading .elementor-heading-title.elementor-size-medium{font-size:19px}.elementor-widget-heading .elementor-heading-title.elementor-size-large{font-size:29px}.elementor-widget-heading .elementor-heading-title.elementor-size-xl{font-size:39px}.elementor-widget-heading .elementor-heading-title.elementor-size-xxl{font-size:59px}<\/style><h2 class=\"elementor-heading-title elementor-size-default\">L'agence<\/h2>\t\t<\/div>\n\t\t\t\t<\/div>\n\t\t\t\t<div class=\"elementor-element elementor-element-f49a5c1 elementor-widget elementor-widget-text-editor\" data-id=\"f49a5c1\" data-element_type=\"widget\" data-widget_type=\"text-editor.default\">\n\t\t\t\t<div class=\"elementor-widget-container\">\n\t\t\t<style>\/*! elementor - v3.13.3 - 28-05-2023 *\/\n.elementor-widget-text-editor.elementor-drop-cap-view-stacked .elementor-drop-cap{background-color:#69727d;color:#fff}.elementor-widget-text-editor.elementor-drop-cap-view-framed .elementor-drop-cap{color:#69727d;border:3px solid;background-color:transparent}.elementor-widget-text-editor:not(.elementor-drop-cap-view-default) .elementor-drop-cap{margin-top:8px}.elementor-widget-text-editor:not(.elementor-drop-cap-view-default) .elementor-drop-cap-letter{width:1em;height:1em}.elementor-widget-text-editor .elementor-drop-cap{float:left;text-align:center;line-height:1;font-size:50px}.elementor-widget-text-editor .elementor-drop-cap-letter{display:inline-block}<\/style>\t\t\t\t<p>COCOON Architecte a \u00e9t\u00e9 cr\u00e9\u00e9 par Laure VINCENT apr\u00e8s 16 ann\u00e9es en agences d\u2019architecture de renom \u00e0 Rouen.<\/p><p>\u00a0<\/p><p><span style=\"letter-spacing: 0px;\">COCOON Architecte revendique une architecture contemporaine, sobre, intemporelle, sans effet de style, respectueuse du cadre b\u00e2ti dans lequel elle s\u2019inscrit.<\/span><\/p><p><span style=\"letter-spacing: 0px;\">Le choix du nom de l\u2019agence repr\u00e9sente l\u2019essence m\u00eame de la fa\u00e7on d\u2019exercer la profession d\u2019architecte, un mot qui rassemble l\u2019essentiel des id\u00e9es de l\u2019agence :<\/span><\/p><p>\u00ab Construire des projets \u00e9quitables, durables, fonctionnels et adaptables, respectueux de l\u2019environnement, des attentes du ma\u00eetre d\u2019ouvrage, des usagers et des acteurs locaux \u00bb.<\/p><p>\u00a0<\/p><h6>L&rsquo;agence est install\u00e9e \u00e0 Seine Ecopolis \u00e0 Saint Etienne du Rouvray.<\/h6><p><span style=\"background-color: var( --e-global-color-a50087b );\">\u00a0<\/span><\/p><h4>CONTEXTE<\/h4><div><p>Avant m\u00eame de commencer \u00e0 esquisser un projet, l\u2019agence s\u2019attache \u00e0 analyser le contexte et les demandes du ma\u00eetre d\u2019ouvrage et des usagers, afin d\u2019en comprendre et d\u2019appr\u00e9hender toutes les lignes de force qui vont d\u00e9finir la r\u00e9alisation.<\/p><div>\u00a0<\/div><\/div><h4>PHILOSOPHIE<\/h4><div><p>L\u2019atelier est en capacit\u00e9 de r\u00e9pondre \u00e0 tous types de commande : de la petite \u00e9chelle \u00e0 celle de projets plus ambitieux sur l\u2019\u00e9chelle d\u2019un territoire en passant par des \u00e9quipements scolaires, du logement interm\u00e9diaire \/ collectif, des \u00e9quipements publics, de la commande priv\u00e9e ou publique.<\/p><p>\u00a0<\/p><h6>La riche exp\u00e9rience de Laure VINCENT permet \u00e0 l\u2019agence d\u2019avoir une r\u00e9activit\u00e9 et une rigueur au service de la construction d\u2019un projet architectural de qualit\u00e9.<\/h6><\/div>\t\t\t\t\t\t<\/div>\n\t\t\t\t<\/div>\n\t\t\t\t\t<\/div>\n\t\t<\/div>\n\t\t\t\t\t\t\t<\/div>\n\t\t<\/section>\n\t\t\t\t<section class=\"elementor-section elementor-top-section elementor-element elementor-element-ec1fd5e elementor-section-boxed elementor-section-height-default elementor-section-height-default\" data-id=\"ec1fd5e\" data-element_type=\"section\">\n\t\t\t\t\t\t<div class=\"elementor-container elementor-column-gap-default\">\n\t\t\t\t\t<div class=\"elementor-column elementor-col-100 elementor-top-column elementor-element elementor-element-f927971\" data-id=\"f927971\" data-element_type=\"column\">\n\t\t\t<div class=\"elementor-widget-wrap elementor-element-populated\">\n\t\t\t\t\t\t\t\t<div class=\"elementor-element elementor-element-cf1eb76 elementor-widget elementor-widget-spacer\" data-id=\"cf1eb76\" data-element_type=\"widget\" data-widget_type=\"spacer.default\">\n\t\t\t\t<div class=\"elementor-widget-container\">\n\t\t\t<style>\/*! elementor - v3.13.3 - 28-05-2023 *\/\n.elementor-column .elementor-spacer-inner{height:var(--spacer-size)}.e-con{--container-widget-width:100%}.e-con-inner>.elementor-widget-spacer,.e-con>.elementor-widget-spacer{width:var(--container-widget-width,var(--spacer-size));--align-self:var(--container-widget-align-self,initial);--flex-shrink:0}.e-con-inner>.elementor-widget-spacer>.elementor-widget-container,.e-con-inner>.elementor-widget-spacer>.elementor-widget-container>.elementor-spacer,.e-con>.elementor-widget-spacer>.elementor-widget-container,.e-con>.elementor-widget-spacer>.elementor-widget-container>.elementor-spacer{height:100%}.e-con-inner>.elementor-widget-spacer>.elementor-widget-container>.elementor-spacer>.elementor-spacer-inner,.e-con>.elementor-widget-spacer>.elementor-widget-container>.elementor-spacer>.elementor-spacer-inner{height:var(--container-widget-height,var(--spacer-size))}<\/style>\t\t<div class=\"elementor-spacer\">\n\t\t\t<div class=\"elementor-spacer-inner\"><\/div>\n\t\t<\/div>\n\t\t\t\t<\/div>\n\t\t\t\t<\/div>\n\t\t\t\t\t<\/div>\n\t\t<\/div>\n\t\t\t\t\t\t\t<\/div>\n\t\t<\/section>\n\t\t\t\t<section class=\"elementor-section elementor-top-section elementor-element elementor-element-f3f0317 elementor-section-boxed elementor-section-height-default elementor-section-height-default\" data-id=\"f3f0317\" data-element_type=\"section\">\n\t\t\t\t\t\t<div class=\"elementor-container elementor-column-gap-default\">\n\t\t\t\t\t<div class=\"elementor-column elementor-col-50 elementor-top-column elementor-element elementor-element-4f1ed70\" data-id=\"4f1ed70\" data-element_type=\"column\">\n\t\t\t<div class=\"elementor-widget-wrap elementor-element-populated\">\n\t\t\t\t\t\t\t\t<div class=\"elementor-element elementor-element-6e28840 elementor-widget elementor-widget-image\" data-id=\"6e28840\" data-element_type=\"widget\" data-widget_type=\"image.default\">\n\t\t\t\t<div class=\"elementor-widget-container\">\n\t\t\t\t\t\t\t\t\t\t\t\t\t\t\t<img loading=\"lazy\" decoding=\"async\" width=\"267\" height=\"400\" src=\"https:\/\/cocoonarchitecte.fr\/wp-content\/uploads\/2023\/08\/photo-moi-2.jpg\" class=\"attachment-full size-full wp-image-1250\" alt=\"\" srcset=\"https:\/\/cocoonarchitecte.fr\/wp-content\/uploads\/2023\/08\/photo-moi-2.jpg 267w, https:\/\/cocoonarchitecte.fr\/wp-content\/uploads\/2023\/08\/photo-moi-2-200x300.jpg 200w\" sizes=\"auto, (max-width: 267px) 100vw, 267px\" \/>\t\t\t\t\t\t\t\t\t\t\t\t\t\t\t<\/div>\n\t\t\t\t<\/div>\n\t\t\t\t\t<\/div>\n\t\t<\/div>\n\t\t\t\t<div class=\"elementor-column elementor-col-50 elementor-top-column elementor-element elementor-element-9cbba6b\" data-id=\"9cbba6b\" data-element_type=\"column\">\n\t\t\t<div class=\"elementor-widget-wrap elementor-element-populated\">\n\t\t\t\t\t\t\t\t<div class=\"elementor-element elementor-element-4c47afe elementor-widget elementor-widget-heading\" data-id=\"4c47afe\" data-element_type=\"widget\" data-widget_type=\"heading.default\">\n\t\t\t\t<div class=\"elementor-widget-container\">\n\t\t\t<h2 class=\"elementor-heading-title elementor-size-default\">Laure Vincent<\/h2>\t\t<\/div>\n\t\t\t\t<\/div>\n\t\t\t\t<div class=\"elementor-element elementor-element-b9dda20 elementor-widget elementor-widget-heading\" data-id=\"b9dda20\" data-element_type=\"widget\" data-widget_type=\"heading.default\">\n\t\t\t\t<div class=\"elementor-widget-container\">\n\t\t\t<h5 class=\"elementor-heading-title elementor-size-default\">ArchitectE<\/h5>\t\t<\/div>\n\t\t\t\t<\/div>\n\t\t\t\t<div class=\"elementor-element elementor-element-71ebc2f2 elementor-widget__width-initial elementor-widget elementor-widget-text-editor\" data-id=\"71ebc2f2\" data-element_type=\"widget\" data-widget_type=\"text-editor.default\">\n\t\t\t\t<div class=\"elementor-widget-container\">\n\t\t\t\t\t\t\t<p>Dipl\u00f4m\u00e9e depuis 2007, j\u2019ai \u00e9t\u00e9 form\u00e9e \u00e0 l\u2019Ecole Nationale Sup\u00e9rieure de Normandie \u00e0 Darn\u00e9tal.<\/p><p>Les 16 ann\u00e9es d&rsquo;exp\u00e9rience au sein d&rsquo;agences Rouennaises dont 12 ans \u00e0 l&rsquo;Atelier des deux anges, m&rsquo;ont permis d&rsquo;acqu\u00e9rir les comp\u00e9tences essentielles \u00e0 l&rsquo;exercice de la profession, au travers d&rsquo;une grande vari\u00e9t\u00e9 de projets :\u00a0<\/p><ul><li>enseignement (\u00e9cole maternelle \u00e0 l&rsquo;\u00e9tablissement post bac)<\/li><li>logements collectifs \/ interm\u00e9diaires \/ individuels<\/li><li>tertiaire (bureaux, atelier, d\u00e9p\u00f4t de transports en commun, centre technique municipal)<\/li><li>\u00e9quipements (gymnase, salle des f\u00eates &#8230;)<\/li><\/ul><div>\u00a0<\/div><p>C&rsquo;est avec un plaisir immense que je cr\u00e9\u00e9 en 2023 mon agence qui sera \u00e0 l&rsquo;image de tout ce que j&rsquo;ai acquis d&rsquo;exp\u00e9rience et d&rsquo;envie d&rsquo;entreprendre pour aboutir vos projets avec toujours \u00e0 l&rsquo;esprit une approche soign\u00e9e et d\u00e9termin\u00e9e.<\/p>\t\t\t\t\t\t<\/div>\n\t\t\t\t<\/div>\n\t\t\t\t<div class=\"elementor-element elementor-element-f620b17 elementor-align-center elementor-widget__width-initial elementor-invisible elementor-widget elementor-widget-button\" data-id=\"f620b17\" data-element_type=\"widget\" data-settings=\"{&quot;_animation&quot;:&quot;fadeInDown&quot;}\" data-widget_type=\"button.default\">\n\t\t\t\t<div class=\"elementor-widget-container\">\n\t\t\t\t\t<div class=\"elementor-button-wrapper\">\n\t\t\t<a href=\"https:\/\/cocoonarchitecte.fr\/index.php\/contact\/\" class=\"elementor-button-link elementor-button elementor-size-sm\" role=\"button\">\n\t\t\t\t\t\t<span class=\"elementor-button-content-wrapper\">\n\t\t\t\t\t\t<span class=\"elementor-button-text\">Contactez-nous<\/span>\n\t\t<\/span>\n\t\t\t\t\t<\/a>\n\t\t<\/div>\n\t\t\t\t<\/div>\n\t\t\t\t<\/div>\n\t\t\t\t\t<\/div>\n\t\t<\/div>\n\t\t\t\t\t\t\t<\/div>\n\t\t<\/section>\n\t\t\t\t<section class=\"elementor-section elementor-top-section elementor-element elementor-element-a05f76d elementor-section-boxed elementor-section-height-default elementor-section-height-default\" data-id=\"a05f76d\" data-element_type=\"section\">\n\t\t\t\t\t\t<div class=\"elementor-container elementor-column-gap-default\">\n\t\t\t\t\t<div class=\"elementor-column elementor-col-100 elementor-top-column elementor-element elementor-element-dbefdab\" data-id=\"dbefdab\" data-element_type=\"column\">\n\t\t\t<div class=\"elementor-widget-wrap elementor-element-populated\">\n\t\t\t\t\t\t\t\t<div class=\"elementor-element elementor-element-4a69658 elementor-widget elementor-widget-spacer\" data-id=\"4a69658\" data-element_type=\"widget\" data-widget_type=\"spacer.default\">\n\t\t\t\t<div class=\"elementor-widget-container\">\n\t\t\t\t\t<div class=\"elementor-spacer\">\n\t\t\t<div class=\"elementor-spacer-inner\"><\/div>\n\t\t<\/div>\n\t\t\t\t<\/div>\n\t\t\t\t<\/div>\n\t\t\t\t\t<\/div>\n\t\t<\/div>\n\t\t\t\t\t\t\t<\/div>\n\t\t<\/section>\n\t\t\t\t<section class=\"elementor-section elementor-top-section elementor-element elementor-element-fad59db elementor-section-boxed elementor-section-height-default elementor-section-height-default\" data-id=\"fad59db\" data-element_type=\"section\">\n\t\t\t\t\t\t<div class=\"elementor-container elementor-column-gap-default\">\n\t\t\t\t\t<div class=\"elementor-column elementor-col-100 elementor-top-column elementor-element elementor-element-98bd741\" data-id=\"98bd741\" data-element_type=\"column\">\n\t\t\t<div class=\"elementor-widget-wrap elementor-element-populated\">\n\t\t\t\t\t\t\t\t<div class=\"elementor-element elementor-element-b8fd592 elementor-widget elementor-widget-heading\" data-id=\"b8fd592\" data-element_type=\"widget\" data-widget_type=\"heading.default\">\n\t\t\t\t<div class=\"elementor-widget-container\">\n\t\t\t<h2 class=\"elementor-heading-title elementor-size-default\">Partenaires<\/h2>\t\t<\/div>\n\t\t\t\t<\/div>\n\t\t\t\t\t<\/div>\n\t\t<\/div>\n\t\t\t\t\t\t\t<\/div>\n\t\t<\/section>\n\t\t\t\t<section class=\"elementor-section elementor-top-section elementor-element elementor-element-d3317b1 elementor-section-boxed elementor-section-height-default elementor-section-height-default\" data-id=\"d3317b1\" data-element_type=\"section\">\n\t\t\t\t\t\t<div class=\"elementor-container elementor-column-gap-default\">\n\t\t\t\t\t<div class=\"elementor-column elementor-col-25 elementor-top-column elementor-element elementor-element-a511e8a\" data-id=\"a511e8a\" data-element_type=\"column\">\n\t\t\t<div class=\"elementor-widget-wrap elementor-element-populated\">\n\t\t\t\t\t\t\t\t<div class=\"elementor-element elementor-element-e5dcdfb elementor-widget elementor-widget-image\" data-id=\"e5dcdfb\" data-element_type=\"widget\" data-widget_type=\"image.default\">\n\t\t\t\t<div class=\"elementor-widget-container\">\n\t\t\t\t\t\t\t\t\t\t\t\t<figure class=\"wp-caption\">\n\t\t\t\t\t\t\t\t\t\t\t<a href=\"https:\/\/www.opusproject.fr\/\" target=\"_blank\">\n\t\t\t\t\t\t\t<img loading=\"lazy\" decoding=\"async\" width=\"400\" height=\"300\" src=\"https:\/\/cocoonarchitecte.fr\/wp-content\/uploads\/2023\/08\/cadre-opus-2.jpg\" class=\"attachment-large size-large wp-image-1728\" alt=\"\" srcset=\"https:\/\/cocoonarchitecte.fr\/wp-content\/uploads\/2023\/08\/cadre-opus-2.jpg 400w, https:\/\/cocoonarchitecte.fr\/wp-content\/uploads\/2023\/08\/cadre-opus-2-300x225.jpg 300w\" sizes=\"auto, (max-width: 400px) 100vw, 400px\" \/>\t\t\t\t\t\t\t\t<\/a>\n\t\t\t\t\t\t\t\t\t\t\t<figcaption class=\"widget-image-caption wp-caption-text\">ma\u00eetre d'oeuvre<\/figcaption>\n\t\t\t\t\t\t\t\t\t\t<\/figure>\n\t\t\t\t\t\t\t\t\t<\/div>\n\t\t\t\t<\/div>\n\t\t\t\t<div class=\"elementor-element elementor-element-5391afc elementor-widget elementor-widget-image\" data-id=\"5391afc\" data-element_type=\"widget\" data-widget_type=\"image.default\">\n\t\t\t\t<div class=\"elementor-widget-container\">\n\t\t\t\t\t\t\t\t\t\t\t\t<figure class=\"wp-caption\">\n\t\t\t\t\t\t\t\t\t\t\t<a href=\"https:\/\/www.cabinet2h.com\/\" target=\"_blank\">\n\t\t\t\t\t\t\t<img loading=\"lazy\" decoding=\"async\" width=\"486\" height=\"104\" src=\"https:\/\/cocoonarchitecte.fr\/wp-content\/uploads\/2025\/07\/logo-2h.png\" class=\"attachment-large size-large wp-image-2168\" alt=\"\" srcset=\"https:\/\/cocoonarchitecte.fr\/wp-content\/uploads\/2025\/07\/logo-2h.png 486w, https:\/\/cocoonarchitecte.fr\/wp-content\/uploads\/2025\/07\/logo-2h-300x64.png 300w\" sizes=\"auto, (max-width: 486px) 100vw, 486px\" \/>\t\t\t\t\t\t\t\t<\/a>\n\t\t\t\t\t\t\t\t\t\t\t<figcaption class=\"widget-image-caption wp-caption-text\">\u00e9conomiste<\/figcaption>\n\t\t\t\t\t\t\t\t\t\t<\/figure>\n\t\t\t\t\t\t\t\t\t<\/div>\n\t\t\t\t<\/div>\n\t\t\t\t\t<\/div>\n\t\t<\/div>\n\t\t\t\t<div class=\"elementor-column elementor-col-25 elementor-top-column elementor-element elementor-element-208da41\" data-id=\"208da41\" data-element_type=\"column\">\n\t\t\t<div class=\"elementor-widget-wrap elementor-element-populated\">\n\t\t\t\t\t\t\t\t<div class=\"elementor-element elementor-element-8a658b2 elementor-widget elementor-widget-image\" data-id=\"8a658b2\" data-element_type=\"widget\" data-widget_type=\"image.default\">\n\t\t\t\t<div class=\"elementor-widget-container\">\n\t\t\t\t\t\t\t\t\t\t\t\t<figure class=\"wp-caption\">\n\t\t\t\t\t\t\t\t\t\t\t<a href=\"https:\/\/www.linkedin.com\/in\/christophe-trincal-320981174\/?originalSubdomain=fr\" target=\"_blank\">\n\t\t\t\t\t\t\t<img loading=\"lazy\" decoding=\"async\" width=\"400\" height=\"300\" src=\"https:\/\/cocoonarchitecte.fr\/wp-content\/uploads\/2023\/08\/cadre-bati-visuel-3D-1.jpg\" class=\"attachment-large size-large wp-image-1725\" alt=\"\" srcset=\"https:\/\/cocoonarchitecte.fr\/wp-content\/uploads\/2023\/08\/cadre-bati-visuel-3D-1.jpg 400w, https:\/\/cocoonarchitecte.fr\/wp-content\/uploads\/2023\/08\/cadre-bati-visuel-3D-1-300x225.jpg 300w\" sizes=\"auto, (max-width: 400px) 100vw, 400px\" \/>\t\t\t\t\t\t\t\t<\/a>\n\t\t\t\t\t\t\t\t\t\t\t<figcaption class=\"widget-image-caption wp-caption-text\">relev\u00e9 scan<\/figcaption>\n\t\t\t\t\t\t\t\t\t\t<\/figure>\n\t\t\t\t\t\t\t\t\t<\/div>\n\t\t\t\t<\/div>\n\t\t\t\t\t<\/div>\n\t\t<\/div>\n\t\t\t\t<div class=\"elementor-column elementor-col-25 elementor-top-column elementor-element elementor-element-c7f13a0\" data-id=\"c7f13a0\" data-element_type=\"column\">\n\t\t\t<div class=\"elementor-widget-wrap elementor-element-populated\">\n\t\t\t\t\t\t\t\t<div class=\"elementor-element elementor-element-9f33b66 elementor-widget elementor-widget-image\" data-id=\"9f33b66\" data-element_type=\"widget\" data-widget_type=\"image.default\">\n\t\t\t\t<div class=\"elementor-widget-container\">\n\t\t\t\t\t\t\t\t\t\t\t\t<figure class=\"wp-caption\">\n\t\t\t\t\t\t\t\t\t\t\t<a href=\"https:\/\/archetype.fr\/\" target=\"_blank\">\n\t\t\t\t\t\t\t<img loading=\"lazy\" decoding=\"async\" width=\"400\" height=\"300\" src=\"https:\/\/cocoonarchitecte.fr\/wp-content\/uploads\/2023\/08\/cadre-archetype.jpg\" class=\"attachment-large size-large wp-image-1727\" alt=\"\" srcset=\"https:\/\/cocoonarchitecte.fr\/wp-content\/uploads\/2023\/08\/cadre-archetype.jpg 400w, https:\/\/cocoonarchitecte.fr\/wp-content\/uploads\/2023\/08\/cadre-archetype-300x225.jpg 300w\" sizes=\"auto, (max-width: 400px) 100vw, 400px\" \/>\t\t\t\t\t\t\t\t<\/a>\n\t\t\t\t\t\t\t\t\t\t\t<figcaption class=\"widget-image-caption wp-caption-text\">mobilier<\/figcaption>\n\t\t\t\t\t\t\t\t\t\t<\/figure>\n\t\t\t\t\t\t\t\t\t<\/div>\n\t\t\t\t<\/div>\n\t\t\t\t\t<\/div>\n\t\t<\/div>\n\t\t\t\t<div class=\"elementor-column elementor-col-25 elementor-top-column elementor-element elementor-element-18bebf2\" data-id=\"18bebf2\" data-element_type=\"column\">\n\t\t\t<div class=\"elementor-widget-wrap elementor-element-populated\">\n\t\t\t\t\t\t\t\t<div class=\"elementor-element elementor-element-58a8f98 elementor-widget elementor-widget-image\" data-id=\"58a8f98\" data-element_type=\"widget\" data-widget_type=\"image.default\">\n\t\t\t\t<div class=\"elementor-widget-container\">\n\t\t\t\t\t\t\t\t\t\t\t\t<figure class=\"wp-caption\">\n\t\t\t\t\t\t\t\t\t\t\t<a href=\"https:\/\/www.albedo-hqe.com\/\" target=\"_blank\">\n\t\t\t\t\t\t\t<img loading=\"lazy\" decoding=\"async\" width=\"426\" height=\"118\" src=\"https:\/\/cocoonarchitecte.fr\/wp-content\/uploads\/2025\/07\/logo-albedo.png\" class=\"attachment-large size-large wp-image-2167\" alt=\"\" srcset=\"https:\/\/cocoonarchitecte.fr\/wp-content\/uploads\/2025\/07\/logo-albedo.png 426w, https:\/\/cocoonarchitecte.fr\/wp-content\/uploads\/2025\/07\/logo-albedo-300x83.png 300w\" sizes=\"auto, (max-width: 426px) 100vw, 426px\" \/>\t\t\t\t\t\t\t\t<\/a>\n\t\t\t\t\t\t\t\t\t\t\t<figcaption class=\"widget-image-caption wp-caption-text\">\u00e9conomiste<\/figcaption>\n\t\t\t\t\t\t\t\t\t\t<\/figure>\n\t\t\t\t\t\t\t\t\t<\/div>\n\t\t\t\t<\/div>\n\t\t\t\t<div class=\"elementor-element elementor-element-0675b6a elementor-widget elementor-widget-image\" data-id=\"0675b6a\" data-element_type=\"widget\" data-widget_type=\"image.default\">\n\t\t\t\t<div class=\"elementor-widget-container\">\n\t\t\t\t\t\t\t\t\t\t\t\t<figure class=\"wp-caption\">\n\t\t\t\t\t\t\t\t\t\t\t<a href=\"https:\/\/www.linkedin.com\/search\/results\/all\/?keywords=quentin%20despreux&#038;origin=GLOBAL_SEARCH_HEADER&#038;sid=~c%2C\" target=\"_blank\">\n\t\t\t\t\t\t\t<img loading=\"lazy\" decoding=\"async\" width=\"228\" height=\"85\" src=\"https:\/\/cocoonarchitecte.fr\/wp-content\/uploads\/2025\/07\/apex.jpg\" class=\"attachment-large size-large wp-image-2175\" alt=\"\" \/>\t\t\t\t\t\t\t\t<\/a>\n\t\t\t\t\t\t\t\t\t\t\t<figcaption class=\"widget-image-caption wp-caption-text\">ma\u00eetre d'oeuvre<\/figcaption>\n\t\t\t\t\t\t\t\t\t\t<\/figure>\n\t\t\t\t\t\t\t\t\t<\/div>\n\t\t\t\t<\/div>\n\t\t\t\t\t<\/div>\n\t\t<\/div>\n\t\t\t\t\t\t\t<\/div>\n\t\t<\/section>\n\t\t\t\t<section class=\"elementor-section elementor-top-section elementor-element elementor-element-1f2ba1e elementor-section-boxed elementor-section-height-default elementor-section-height-default\" data-id=\"1f2ba1e\" data-element_type=\"section\">\n\t\t\t\t\t\t<div class=\"elementor-container elementor-column-gap-default\">\n\t\t\t\t\t<div class=\"elementor-column elementor-col-100 elementor-top-column elementor-element elementor-element-fa53199\" data-id=\"fa53199\" data-element_type=\"column\">\n\t\t\t<div class=\"elementor-widget-wrap elementor-element-populated\">\n\t\t\t\t\t\t\t\t<div class=\"elementor-element elementor-element-7b478a6 elementor-widget elementor-widget-spacer\" data-id=\"7b478a6\" data-element_type=\"widget\" data-widget_type=\"spacer.default\">\n\t\t\t\t<div class=\"elementor-widget-container\">\n\t\t\t\t\t<div class=\"elementor-spacer\">\n\t\t\t<div class=\"elementor-spacer-inner\"><\/div>\n\t\t<\/div>\n\t\t\t\t<\/div>\n\t\t\t\t<\/div>\n\t\t\t\t\t<\/div>\n\t\t<\/div>\n\t\t\t\t\t\t\t<\/div>\n\t\t<\/section>\n\t\t\t\t\t\t\t<\/div>\n\t\t","protected":false},"excerpt":{"rendered":"<p>L&rsquo;agence COCOON Architecte a \u00e9t\u00e9 cr\u00e9\u00e9 par Laure VINCENT apr\u00e8s 16 ann\u00e9es en agences d\u2019architecture de renom \u00e0 Rouen. \u00a0 COCOON Architecte revendique une architecture contemporaine, sobre, intemporelle, sans effet de style, respectueuse du cadre b\u00e2ti dans lequel elle s\u2019inscrit. Le choix du nom de l\u2019agence repr\u00e9sente l\u2019essence m\u00eame de la fa\u00e7on d\u2019exercer la profession [&hellip;]<\/p>\n","protected":false},"author":1,"featured_media":0,"parent":0,"menu_order":0,"comment_status":"closed","ping_status":"closed","template":"","meta":{"footnotes":""},"class_list":["post-243","page","type-page","status-publish","hentry"],"_links":{"self":[{"href":"https:\/\/cocoonarchitecte.fr\/index.php\/wp-json\/wp\/v2\/pages\/243","targetHints":{"allow":["GET"]}}],"collection":[{"href":"https:\/\/cocoonarchitecte.fr\/index.php\/wp-json\/wp\/v2\/pages"}],"about":[{"href":"https:\/\/cocoonarchitecte.fr\/index.php\/wp-json\/wp\/v2\/types\/page"}],"author":[{"embeddable":true,"href":"https:\/\/cocoonarchitecte.fr\/index.php\/wp-json\/wp\/v2\/users\/1"}],"replies":[{"embeddable":true,"href":"https:\/\/cocoonarchitecte.fr\/index.php\/wp-json\/wp\/v2\/comments?post=243"}],"version-history":[{"count":198,"href":"https:\/\/cocoonarchitecte.fr\/index.php\/wp-json\/wp\/v2\/pages\/243\/revisions"}],"predecessor-version":[{"id":2184,"href":"https:\/\/cocoonarchitecte.fr\/index.php\/wp-json\/wp\/v2\/pages\/243\/revisions\/2184"}],"wp:attachment":[{"href":"https:\/\/cocoonarchitecte.fr\/index.php\/wp-json\/wp\/v2\/media?parent=243"}],"curies":[{"name":"wp","href":"https:\/\/api.w.org\/{rel}","templated":true}]}}